{"id":365,"date":"2025-05-27T10:37:39","date_gmt":"2025-05-27T10:37:39","guid":{"rendered":"https:\/\/sipaywoocommerce.com\/?page_id=365"},"modified":"2025-05-27T10:43:28","modified_gmt":"2025-05-27T10:43:28","slug":"terminos-y-condiciones","status":"publish","type":"page","link":"https:\/\/sipaywoocommerce.com\/?page_id=365","title":{"rendered":"T\u00e9rminos y Condiciones"},"content":{"rendered":"\t\t<div data-elementor-type=\"wp-page\" data-elementor-id=\"365\" class=\"elementor elementor-365\" data-elementor-post-type=\"page\">\n\t\t\t\t<div class=\"elementor-element elementor-element-a885d69 e-flex e-con-boxed e-con e-parent\" data-id=\"a885d69\" data-element_type=\"container\" data-e-type=\"container\">\n\t\t\t\t\t<div class=\"e-con-inner\">\n\t\t\t\t<div class=\"elementor-element elementor-element-efcfab8 elementor-widget elementor-widget-heading\" data-id=\"efcfab8\" data-element_type=\"widget\" data-e-type=\"widget\" data-widget_type=\"heading.default\">\n\t\t\t\t<div class=\"elementor-widget-container\">\n\t\t\t\t\t<h1 class=\"elementor-heading-title elementor-size-default\">T\u00e9rminos y Condiciones<\/h1>\t\t\t\t<\/div>\n\t\t\t\t<\/div>\n\t\t\t\t<div class=\"elementor-element elementor-element-9a0e521 elementor-widget elementor-widget-heading\" data-id=\"9a0e521\" data-element_type=\"widget\" data-e-type=\"widget\" data-widget_type=\"heading.default\">\n\t\t\t\t<div class=\"elementor-widget-container\">\n\t\t\t\t\t<h2 class=\"elementor-heading-title elementor-size-default\">1. Informaci\u00f3n general<\/h2>\t\t\t\t<\/div>\n\t\t\t\t<\/div>\n\t\t\t\t<div class=\"elementor-element elementor-element-6b0408b elementor-widget elementor-widget-text-editor\" data-id=\"6b0408b\" data-element_type=\"widget\" data-e-type=\"widget\" data-widget_type=\"text-editor.default\">\n\t\t\t\t<div class=\"elementor-widget-container\">\n\t\t\t\t\t\t\t\t\t<p data-start=\"195\" data-end=\"563\">Este sitio web, accesible desde <a class=\"\" href=\"https:\/\/sipaywoocommerce.com\" target=\"_new\" rel=\"noopener\" data-start=\"227\" data-end=\"287\">https:\/\/sipaywoocommerce.com<\/a>, es propiedad de <strong data-start=\"305\" data-end=\"334\">GoRandom S. Coop. Peque\u00f1a<\/strong> (en adelante, \u201cGoRandom\u201d), con CIF F95959441, domicilio en Aula de Emprendimiento, planta baja, Zubiria Etxea, Avenida Lehendakari Aguirre 81, 48015, Bilbao (Bizkaia), y correo electr\u00f3nico de contacto: <a class=\"cursor-pointer\" rel=\"noopener\" data-start=\"537\" data-end=\"562\">info@sipaywoocommerce.com<\/a>.<\/p><p data-start=\"565\" data-end=\"663\">Al realizar una compra en esta web, el usuario acepta expresamente las condiciones aqu\u00ed descritas.<\/p>\t\t\t\t\t\t\t\t<\/div>\n\t\t\t\t<\/div>\n\t\t\t\t<div class=\"elementor-element elementor-element-dae7b31 elementor-widget elementor-widget-heading\" data-id=\"dae7b31\" data-element_type=\"widget\" data-e-type=\"widget\" data-widget_type=\"heading.default\">\n\t\t\t\t<div class=\"elementor-widget-container\">\n\t\t\t\t\t<h2 class=\"elementor-heading-title elementor-size-default\">2. Objeto<\/h2>\t\t\t\t<\/div>\n\t\t\t\t<\/div>\n\t\t\t\t<div class=\"elementor-element elementor-element-fe7d413 elementor-widget elementor-widget-text-editor\" data-id=\"fe7d413\" data-element_type=\"widget\" data-e-type=\"widget\" data-widget_type=\"text-editor.default\">\n\t\t\t\t<div class=\"elementor-widget-container\">\n\t\t\t\t\t\t\t\t\t<p data-start=\"685\" data-end=\"907\">El presente sitio web tiene como finalidad la <strong data-start=\"731\" data-end=\"778\">venta de un plugin exclusivo para WordPress<\/strong>, dise\u00f1ado espec\u00edficamente para <strong data-start=\"810\" data-end=\"867\">integrar WooCommerce con la pasarela de pago de Sipay<\/strong> (<a class=\"\" href=\"https:\/\/sipay.es\" target=\"_new\" rel=\"noopener\" data-start=\"869\" data-end=\"905\">https:\/\/sipay.es<\/a>).<\/p>\t\t\t\t\t\t\t\t<\/div>\n\t\t\t\t<\/div>\n\t\t\t\t<div class=\"elementor-element elementor-element-830d725 elementor-widget elementor-widget-heading\" data-id=\"830d725\" data-element_type=\"widget\" data-e-type=\"widget\" data-widget_type=\"heading.default\">\n\t\t\t\t<div class=\"elementor-widget-container\">\n\t\t\t\t\t<h2 class=\"elementor-heading-title elementor-size-default\">3. Funcionamiento y actualizaciones del plugin<\/h2>\t\t\t\t<\/div>\n\t\t\t\t<\/div>\n\t\t\t\t<div class=\"elementor-element elementor-element-0c02a28 elementor-widget elementor-widget-text-editor\" data-id=\"0c02a28\" data-element_type=\"widget\" data-e-type=\"widget\" data-widget_type=\"text-editor.default\">\n\t\t\t\t<div class=\"elementor-widget-container\">\n\t\t\t\t\t\t\t\t\t<p data-start=\"966\" data-end=\"1143\">El plugin de GoRandom permite la conexi\u00f3n entre WooCommerce y la pasarela de Sipay, y est\u00e1 en constante evoluci\u00f3n para adaptarse a los cambios que se realicen en dicha pasarela.<\/p><p data-start=\"1145\" data-end=\"1190\"><strong data-start=\"1145\" data-end=\"1166\">Una vez adquirido<\/strong>, el comprador recibir\u00e1:<\/p><ul data-start=\"1191\" data-end=\"1276\"><li data-start=\"1191\" data-end=\"1221\"><p data-start=\"1193\" data-end=\"1221\">Acceso al plugin descargable<\/p><\/li><li data-start=\"1222\" data-end=\"1246\"><p data-start=\"1224\" data-end=\"1246\">Soporte t\u00e9cnico b\u00e1sico<\/p><\/li><li data-start=\"1247\" data-end=\"1276\"><p data-start=\"1249\" data-end=\"1276\">Actualizaciones autom\u00e1ticas<\/p><\/li><\/ul><p data-start=\"1278\" data-end=\"1338\"><strong data-start=\"1278\" data-end=\"1312\">Durante un periodo de 12 meses<\/strong> desde la fecha de compra.<\/p><p data-start=\"1340\" data-end=\"1502\">Una vez transcurrido este plazo, la licencia <strong data-start=\"1385\" data-end=\"1395\">caduca<\/strong> y ser\u00e1 necesario <strong data-start=\"1413\" data-end=\"1426\">renovarla<\/strong> mediante una nueva compra para seguir recibiendo soporte y actualizaciones.<\/p>\t\t\t\t\t\t\t\t<\/div>\n\t\t\t\t<\/div>\n\t\t\t\t<div class=\"elementor-element elementor-element-adba1b7 elementor-widget elementor-widget-heading\" data-id=\"adba1b7\" data-element_type=\"widget\" data-e-type=\"widget\" data-widget_type=\"heading.default\">\n\t\t\t\t<div class=\"elementor-widget-container\">\n\t\t\t\t\t<h2 class=\"elementor-heading-title elementor-size-default\">4. Periodo de prueba gratuito<\/h2>\t\t\t\t<\/div>\n\t\t\t\t<\/div>\n\t\t\t\t<div class=\"elementor-element elementor-element-8818d7e elementor-widget elementor-widget-text-editor\" data-id=\"8818d7e\" data-element_type=\"widget\" data-e-type=\"widget\" data-widget_type=\"text-editor.default\">\n\t\t\t\t<div class=\"elementor-widget-container\">\n\t\t\t\t\t\t\t\t\t<p data-start=\"1544\" data-end=\"1739\">Antes de realizar la compra, los usuarios disponen de un <strong data-start=\"1601\" data-end=\"1642\">periodo de prueba gratuito de 14 d\u00edas<\/strong>, que permite evaluar la compatibilidad y funcionamiento del plugin en su entorno WordPress real.<\/p><p data-start=\"1741\" data-end=\"1871\">Este periodo de prueba est\u00e1 dise\u00f1ado para ofrecer transparencia y confianza en el producto antes de realizar la compra definitiva.<\/p>\t\t\t\t\t\t\t\t<\/div>\n\t\t\t\t<\/div>\n\t\t\t\t<div class=\"elementor-element elementor-element-b580179 elementor-widget elementor-widget-heading\" data-id=\"b580179\" data-element_type=\"widget\" data-e-type=\"widget\" data-widget_type=\"heading.default\">\n\t\t\t\t<div class=\"elementor-widget-container\">\n\t\t\t\t\t<h2 class=\"elementor-heading-title elementor-size-default\">5. Pol\u00edtica de devoluciones<\/h2>\t\t\t\t<\/div>\n\t\t\t\t<\/div>\n\t\t\t\t<div class=\"elementor-element elementor-element-0eabf84 elementor-widget elementor-widget-text-editor\" data-id=\"0eabf84\" data-element_type=\"widget\" data-e-type=\"widget\" data-widget_type=\"text-editor.default\">\n\t\t\t\t<div class=\"elementor-widget-container\">\n\t\t\t\t\t\t\t\t\t<p data-start=\"1911\" data-end=\"2015\"><strong data-start=\"1911\" data-end=\"1941\">No se admiten devoluciones<\/strong> una vez realizada la compra, debido a la naturaleza digital del producto.<\/p><p data-start=\"2017\" data-end=\"2237\">El usuario tiene la oportunidad de probar el plugin durante 14 d\u00edas antes de adquirirlo, para comprobar su correcto funcionamiento en su sistema. Si no est\u00e1s seguro, te recomendamos utilizar primero la versi\u00f3n de prueba.<\/p>\t\t\t\t\t\t\t\t<\/div>\n\t\t\t\t<\/div>\n\t\t\t\t<div class=\"elementor-element elementor-element-14c99d0 elementor-widget elementor-widget-heading\" data-id=\"14c99d0\" data-element_type=\"widget\" data-e-type=\"widget\" data-widget_type=\"heading.default\">\n\t\t\t\t<div class=\"elementor-widget-container\">\n\t\t\t\t\t<h2 class=\"elementor-heading-title elementor-size-default\">6. Soporte\n<\/h2>\t\t\t\t<\/div>\n\t\t\t\t<\/div>\n\t\t\t\t<div class=\"elementor-element elementor-element-b3d148f elementor-widget elementor-widget-text-editor\" data-id=\"b3d148f\" data-element_type=\"widget\" data-e-type=\"widget\" data-widget_type=\"text-editor.default\">\n\t\t\t\t<div class=\"elementor-widget-container\">\n\t\t\t\t\t\t\t\t\t<p data-start=\"2260\" data-end=\"2522\">El soporte t\u00e9cnico incluido se limita al <strong data-start=\"2301\" data-end=\"2330\">funcionamiento del plugin<\/strong> en relaci\u00f3n con WooCommerce y la pasarela de Sipay. No se incluye soporte para WordPress, otros plugins, configuraciones de hosting o personalizaciones ajenas al plugin ofrecido por GoRandom.<\/p>\t\t\t\t\t\t\t\t<\/div>\n\t\t\t\t<\/div>\n\t\t\t\t<div class=\"elementor-element elementor-element-be02e7f elementor-widget elementor-widget-heading\" data-id=\"be02e7f\" data-element_type=\"widget\" data-e-type=\"widget\" data-widget_type=\"heading.default\">\n\t\t\t\t<div class=\"elementor-widget-container\">\n\t\t\t\t\t<h2 class=\"elementor-heading-title elementor-size-default\">7. Garant\u00eda\n<\/h2>\t\t\t\t<\/div>\n\t\t\t\t<\/div>\n\t\t\t\t<div class=\"elementor-element elementor-element-aba89c6 elementor-widget elementor-widget-text-editor\" data-id=\"aba89c6\" data-element_type=\"widget\" data-e-type=\"widget\" data-widget_type=\"text-editor.default\">\n\t\t\t\t<div class=\"elementor-widget-container\">\n\t\t\t\t\t\t\t\t\t<p data-start=\"2546\" data-end=\"2650\">Nuestros productos se proporcionan <strong data-start=\"2581\" data-end=\"2595\">\u201ctal cual\u201d<\/strong>, sin garant\u00eda de ning\u00fan tipo, ni expresa ni impl\u00edcita.<\/p><p data-start=\"2652\" data-end=\"2820\">No garantizamos que el plugin funcione en todos los navegadores, ni con todas las versiones de WordPress, ni que sea compatible con otros plugins o scripts de terceros.<\/p><p data-start=\"2822\" data-end=\"2956\"><strong data-start=\"2822\" data-end=\"2888\">Recomendamos utilizar el periodo de prueba gratuito de 14 d\u00edas<\/strong> para comprobar el correcto funcionamiento del plugin en tu entorno.<\/p>\t\t\t\t\t\t\t\t<\/div>\n\t\t\t\t<\/div>\n\t\t\t\t<div class=\"elementor-element elementor-element-3c508ba elementor-widget elementor-widget-heading\" data-id=\"3c508ba\" data-element_type=\"widget\" data-e-type=\"widget\" data-widget_type=\"heading.default\">\n\t\t\t\t<div class=\"elementor-widget-container\">\n\t\t\t\t\t<h2 class=\"elementor-heading-title elementor-size-default\">8. Propiedad intelectual\n<\/h2>\t\t\t\t<\/div>\n\t\t\t\t<\/div>\n\t\t\t\t<div class=\"elementor-element elementor-element-5c346fd elementor-widget elementor-widget-text-editor\" data-id=\"5c346fd\" data-element_type=\"widget\" data-e-type=\"widget\" data-widget_type=\"text-editor.default\">\n\t\t\t\t<div class=\"elementor-widget-container\">\n\t\t\t\t\t\t\t\t\t<p data-start=\"2993\" data-end=\"3215\">El plugin es propiedad exclusiva de GoRandom. Su uso queda limitado a una \u00fanica instalaci\u00f3n por licencia adquirida. Est\u00e1 prohibida su redistribuci\u00f3n, reventa o modificaci\u00f3n sin autorizaci\u00f3n expresa por escrito de GoRandom.<\/p>\t\t\t\t\t\t\t\t<\/div>\n\t\t\t\t<\/div>\n\t\t\t\t<div class=\"elementor-element elementor-element-b25f705 elementor-widget elementor-widget-heading\" data-id=\"b25f705\" data-element_type=\"widget\" data-e-type=\"widget\" data-widget_type=\"heading.default\">\n\t\t\t\t<div class=\"elementor-widget-container\">\n\t\t\t\t\t<h2 class=\"elementor-heading-title elementor-size-default\">9. Legislaci\u00f3n aplicable\n<\/h2>\t\t\t\t<\/div>\n\t\t\t\t<\/div>\n\t\t\t\t<div class=\"elementor-element elementor-element-01f00d6 elementor-widget elementor-widget-text-editor\" data-id=\"01f00d6\" data-element_type=\"widget\" data-e-type=\"widget\" data-widget_type=\"text-editor.default\">\n\t\t\t\t<div class=\"elementor-widget-container\">\n\t\t\t\t\t\t\t\t\t<p data-start=\"3252\" data-end=\"3525\">Las presentes condiciones se rigen por la legislaci\u00f3n espa\u00f1ola. Para la resoluci\u00f3n de cualquier conflicto que pudiera surgir en relaci\u00f3n con el acceso o uso de este sitio web, el usuario se somete a los juzgados y tribunales de Bilbao, salvo disposici\u00f3n legal en contrario.<\/p>\t\t\t\t\t\t\t\t<\/div>\n\t\t\t\t<\/div>\n\t\t\t\t\t<\/div>\n\t\t\t\t<\/div>\n\t\t\t\t<\/div>\n\t\t","protected":false},"excerpt":{"rendered":"<p>T\u00e9rminos y Condiciones 1. Informaci\u00f3n general Este sitio web, accesible desde https:\/\/sipaywoocommerce.com, es propiedad de GoRandom S. Coop. Peque\u00f1a (en adelante, \u201cGoRandom\u201d), con CIF F95959441, domicilio en Aula de Emprendimiento, planta baja, Zubiria Etxea, Avenida Lehendakari Aguirre 81, 48015, Bilbao (Bizkaia), y correo electr\u00f3nico de contacto: info@sipaywoocommerce.com. Al realizar una compra en esta web, el [&hellip;]<\/p>\n","protected":false},"author":1,"featured_media":0,"parent":0,"menu_order":0,"comment_status":"closed","ping_status":"closed","template":"","meta":{"footnotes":""},"class_list":["post-365","page","type-page","status-publish","hentry"],"_links":{"self":[{"href":"https:\/\/sipaywoocommerce.com\/index.php?rest_route=\/wp\/v2\/pages\/365","targetHints":{"allow":["GET"]}}],"collection":[{"href":"https:\/\/sipaywoocommerce.com\/index.php?rest_route=\/wp\/v2\/pages"}],"about":[{"href":"https:\/\/sipaywoocommerce.com\/index.php?rest_route=\/wp\/v2\/types\/page"}],"author":[{"embeddable":true,"href":"https:\/\/sipaywoocommerce.com\/index.php?rest_route=\/wp\/v2\/users\/1"}],"replies":[{"embeddable":true,"href":"https:\/\/sipaywoocommerce.com\/index.php?rest_route=%2Fwp%2Fv2%2Fcomments&post=365"}],"version-history":[{"count":5,"href":"https:\/\/sipaywoocommerce.com\/index.php?rest_route=\/wp\/v2\/pages\/365\/revisions"}],"predecessor-version":[{"id":371,"href":"https:\/\/sipaywoocommerce.com\/index.php?rest_route=\/wp\/v2\/pages\/365\/revisions\/371"}],"wp:attachment":[{"href":"https:\/\/sipaywoocommerce.com\/index.php?rest_route=%2Fwp%2Fv2%2Fmedia&parent=365"}],"curies":[{"name":"wp","href":"https:\/\/api.w.org\/{rel}","templated":true}]}}