{"id":358,"date":"2025-05-27T10:29:11","date_gmt":"2025-05-27T10:29:11","guid":{"rendered":"https:\/\/sipaywoocommerce.com\/?page_id=358"},"modified":"2025-05-27T10:37:30","modified_gmt":"2025-05-27T10:37:30","slug":"poliitica-de-cookies","status":"publish","type":"page","link":"https:\/\/sipaywoocommerce.com\/?page_id=358","title":{"rendered":"Politica de cookies"},"content":{"rendered":"\t\t<div data-elementor-type=\"wp-page\" data-elementor-id=\"358\" class=\"elementor elementor-358\" data-elementor-post-type=\"page\">\n\t\t\t\t<div class=\"elementor-element elementor-element-d4337aa e-flex e-con-boxed e-con e-parent\" data-id=\"d4337aa\" data-element_type=\"container\" data-e-type=\"container\">\n\t\t\t\t\t<div class=\"e-con-inner\">\n\t\t\t\t<div class=\"elementor-element elementor-element-f84b298 elementor-widget elementor-widget-heading\" data-id=\"f84b298\" data-element_type=\"widget\" data-e-type=\"widget\" data-widget_type=\"heading.default\">\n\t\t\t\t<div class=\"elementor-widget-container\">\n\t\t\t\t\t<h1 class=\"elementor-heading-title elementor-size-default\">Politica de cookies\n<\/h1>\t\t\t\t<\/div>\n\t\t\t\t<\/div>\n\t\t\t\t<div class=\"elementor-element elementor-element-23aa265 elementor-widget elementor-widget-heading\" data-id=\"23aa265\" data-element_type=\"widget\" data-e-type=\"widget\" data-widget_type=\"heading.default\">\n\t\t\t\t<div class=\"elementor-widget-container\">\n\t\t\t\t\t<h2 class=\"elementor-heading-title elementor-size-default\">1. \u00bfQu\u00e9 son las cookies?\n<\/h2>\t\t\t\t<\/div>\n\t\t\t\t<\/div>\n\t\t\t\t<div class=\"elementor-element elementor-element-3767ee5 elementor-widget elementor-widget-text-editor\" data-id=\"3767ee5\" data-element_type=\"widget\" data-e-type=\"widget\" data-widget_type=\"text-editor.default\">\n\t\t\t\t<div class=\"elementor-widget-container\">\n\t\t\t\t\t\t\t\t\t<p data-start=\"226\" data-end=\"497\">Las cookies son peque\u00f1os archivos de texto que se almacenan en tu dispositivo (ordenador, smartphone, tablet, etc.) cuando visitas un sitio web. Su funci\u00f3n principal es reconocer al usuario cada vez que accede al sitio y mejorar la calidad y la usabilidad de nuestra web.<\/p>\t\t\t\t\t\t\t\t<\/div>\n\t\t\t\t<\/div>\n\t\t\t\t<div class=\"elementor-element elementor-element-2c34359 elementor-widget elementor-widget-heading\" data-id=\"2c34359\" data-element_type=\"widget\" data-e-type=\"widget\" data-widget_type=\"heading.default\">\n\t\t\t\t<div class=\"elementor-widget-container\">\n\t\t\t\t\t<h2 class=\"elementor-heading-title elementor-size-default\">2. Tipos de cookies que utilizamos\n<\/h2>\t\t\t\t<\/div>\n\t\t\t\t<\/div>\n\t\t\t\t<div class=\"elementor-element elementor-element-7f60571 elementor-widget elementor-widget-text-editor\" data-id=\"7f60571\" data-element_type=\"widget\" data-e-type=\"widget\" data-widget_type=\"text-editor.default\">\n\t\t\t\t<div class=\"elementor-widget-container\">\n\t\t\t\t\t\t\t\t\t<p data-start=\"539\" data-end=\"594\">En esta web utilizamos los siguientes tipos de cookies:<\/p><h4 data-start=\"596\" data-end=\"634\">a) Cookies t\u00e9cnicas (necesarias):<\/h4><p data-start=\"635\" data-end=\"833\">Permiten la navegaci\u00f3n a trav\u00e9s del sitio web y la utilizaci\u00f3n de las diferentes opciones o servicios que ofrecemos. Son necesarias para el funcionamiento del sitio y no requieren tu consentimiento.<\/p><h4 data-start=\"835\" data-end=\"863\">b) Cookies de an\u00e1lisis:<\/h4><p data-start=\"864\" data-end=\"1133\">Nos permiten cuantificar el n\u00famero de usuarios y as\u00ed realizar la medici\u00f3n y an\u00e1lisis estad\u00edstico de la utilizaci\u00f3n que hacen los usuarios del servicio. Se analiza la navegaci\u00f3n en nuestro sitio web con el fin de mejorar la oferta de productos o servicios que ofrecemos.<\/p><h4 data-start=\"1135\" data-end=\"1163\">c) Cookies de terceros:<\/h4><p data-start=\"1164\" data-end=\"1391\">Este sitio web puede utilizar servicios de terceros que recopilar\u00e1n informaci\u00f3n con fines estad\u00edsticos, de uso del sitio por parte del usuario y para la prestaci\u00f3n de otros servicios relacionados con la actividad del sitio web.<\/p><p data-start=\"1393\" data-end=\"1441\">Entre los terceros m\u00e1s habituales se encuentran:<\/p><ul data-start=\"1442\" data-end=\"1546\"><li data-start=\"1442\" data-end=\"1460\"><p data-start=\"1444\" data-end=\"1460\">Google Analytics<\/p><\/li><li data-start=\"1461\" data-end=\"1495\"><p data-start=\"1463\" data-end=\"1495\">YouTube (si se incrustan v\u00eddeos)<\/p><\/li><li data-start=\"1496\" data-end=\"1546\"><p data-start=\"1498\" data-end=\"1546\">Redes sociales como Facebook, Twitter o LinkedIn<\/p><\/li><\/ul>\t\t\t\t\t\t\t\t<\/div>\n\t\t\t\t<\/div>\n\t\t\t\t<div class=\"elementor-element elementor-element-f654d66 elementor-widget elementor-widget-heading\" data-id=\"f654d66\" data-element_type=\"widget\" data-e-type=\"widget\" data-widget_type=\"heading.default\">\n\t\t\t\t<div class=\"elementor-widget-container\">\n\t\t\t\t\t<h2 class=\"elementor-heading-title elementor-size-default\">3. \u00bfC\u00f3mo puedes configurar o desactivar las cookies?\n<\/h2>\t\t\t\t<\/div>\n\t\t\t\t<\/div>\n\t\t\t\t<div class=\"elementor-element elementor-element-20313bd elementor-widget elementor-widget-text-editor\" data-id=\"20313bd\" data-element_type=\"widget\" data-e-type=\"widget\" data-widget_type=\"text-editor.default\">\n\t\t\t\t<div class=\"elementor-widget-container\">\n\t\t\t\t\t\t\t\t\t<p data-start=\"1606\" data-end=\"1855\">Puedes permitir, bloquear o eliminar las cookies instaladas en tu equipo mediante la configuraci\u00f3n de las opciones del navegador que utilices. A continuaci\u00f3n, te facilitamos los enlaces de los navegadores m\u00e1s habituales para que puedas gestionarlas:<\/p><ul data-start=\"1857\" data-end=\"2219\"><li data-start=\"1857\" data-end=\"1928\"><p data-start=\"1859\" data-end=\"1928\"><a class=\"cursor-pointer\" target=\"_new\" rel=\"noopener\" data-start=\"1859\" data-end=\"1928\">Google Chrome<\/a><\/p><\/li><li data-start=\"1929\" data-end=\"2049\"><p data-start=\"1931\" data-end=\"2049\"><a class=\"\" href=\"https:\/\/support.mozilla.org\/es\/kb\/habilitar-y-deshabilitar-cookies-sitios-web-rastrear-preferencias\" target=\"_new\" rel=\"noopener\" data-start=\"1931\" data-end=\"2049\">Mozilla Firefox<\/a><\/p><\/li><li data-start=\"2050\" data-end=\"2120\"><p data-start=\"2052\" data-end=\"2120\"><a class=\"\" href=\"https:\/\/support.apple.com\/es-es\/guide\/safari\/sfri11471\/mac\" target=\"_new\" rel=\"noopener\" data-start=\"2052\" data-end=\"2120\">Safari<\/a><\/p><\/li><li data-start=\"2121\" data-end=\"2219\"><p data-start=\"2123\" data-end=\"2219\"><a class=\"\" href=\"https:\/\/support.microsoft.com\/es-es\/help\/4027947\/microsoft-edge-delete-cookies\" target=\"_new\" rel=\"noopener\" data-start=\"2123\" data-end=\"2219\">Microsoft Edge<\/a><\/p><\/li><\/ul><p data-start=\"2221\" data-end=\"2370\">Ten en cuenta que al bloquear determinadas cookies puede que algunas funcionalidades del sitio web no est\u00e9n disponibles o no funcionen correctamente.<\/p>\t\t\t\t\t\t\t\t<\/div>\n\t\t\t\t<\/div>\n\t\t\t\t<div class=\"elementor-element elementor-element-a448f43 elementor-widget elementor-widget-heading\" data-id=\"a448f43\" data-element_type=\"widget\" data-e-type=\"widget\" data-widget_type=\"heading.default\">\n\t\t\t\t<div class=\"elementor-widget-container\">\n\t\t\t\t\t<h2 class=\"elementor-heading-title elementor-size-default\">4. Aceptaci\u00f3n de la pol\u00edtica de cookies<\/h2>\t\t\t\t<\/div>\n\t\t\t\t<\/div>\n\t\t\t\t<div class=\"elementor-element elementor-element-84e1b8c elementor-widget elementor-widget-text-editor\" data-id=\"84e1b8c\" data-element_type=\"widget\" data-e-type=\"widget\" data-widget_type=\"text-editor.default\">\n\t\t\t\t<div class=\"elementor-widget-container\">\n\t\t\t\t\t\t\t\t\t<p data-start=\"2417\" data-end=\"2740\">Al acceder a este sitio web por primera vez, ver\u00e1s un aviso donde se te informa del uso de cookies y donde puedes aceptar su uso. Al continuar navegando o interactuar con cualquier parte del sitio, est\u00e1s consintiendo el uso de las cookies, salvo que modifiques la configuraci\u00f3n de tu navegador para rechazar su instalaci\u00f3n.<\/p>\t\t\t\t\t\t\t\t<\/div>\n\t\t\t\t<\/div>\n\t\t\t\t<div class=\"elementor-element elementor-element-00fdafc elementor-widget-divider--view-line elementor-widget elementor-widget-divider\" data-id=\"00fdafc\" data-element_type=\"widget\" data-e-type=\"widget\" data-widget_type=\"divider.default\">\n\t\t\t\t<div class=\"elementor-widget-container\">\n\t\t\t\t\t\t\t<div class=\"elementor-divider\">\n\t\t\t<span class=\"elementor-divider-separator\">\n\t\t\t\t\t\t<\/span>\n\t\t<\/div>\n\t\t\t\t\t\t<\/div>\n\t\t\t\t<\/div>\n\t\t\t\t<div class=\"elementor-element elementor-element-d23a506 elementor-widget elementor-widget-heading\" data-id=\"d23a506\" data-element_type=\"widget\" data-e-type=\"widget\" data-widget_type=\"heading.default\">\n\t\t\t\t<div class=\"elementor-widget-container\">\n\t\t\t\t\t<h6 class=\"elementor-heading-title elementor-size-default\">Responsable del tratamiento de las cookies:<\/h6>\t\t\t\t<\/div>\n\t\t\t\t<\/div>\n\t\t\t\t<div class=\"elementor-element elementor-element-3d3710a elementor-widget elementor-widget-text-editor\" data-id=\"3d3710a\" data-element_type=\"widget\" data-e-type=\"widget\" data-widget_type=\"text-editor.default\">\n\t\t\t\t<div class=\"elementor-widget-container\">\n\t\t\t\t\t\t\t\t\t<p>GoRandom S. Coop. Peque\u00f1a<br data-start=\"2822\" data-end=\"2825\" \/>CIF: F95959441<br data-start=\"2839\" data-end=\"2842\" \/>Domicilio: Aula de Emprendimiento, planta baja, Zubiria Etxea, Avenida Lehendakari Aguirre 81, 48015, Bilbao, Bizkaia<br data-start=\"2959\" data-end=\"2962\" \/>Email: <a class=\"cursor-pointer\" rel=\"noopener\" data-start=\"2969\" data-end=\"2994\">info@sipaywoocommerce.com<\/a><\/p>\t\t\t\t\t\t\t\t<\/div>\n\t\t\t\t<\/div>\n\t\t\t\t\t<\/div>\n\t\t\t\t<\/div>\n\t\t\t\t<\/div>\n\t\t","protected":false},"excerpt":{"rendered":"<p>Politica de cookies 1. \u00bfQu\u00e9 son las cookies? Las cookies son peque\u00f1os archivos de texto que se almacenan en tu dispositivo (ordenador, smartphone, tablet, etc.) cuando visitas un sitio web. Su funci\u00f3n principal es reconocer al usuario cada vez que accede al sitio y mejorar la calidad y la usabilidad de nuestra web. 2. Tipos [&hellip;]<\/p>\n","protected":false},"author":1,"featured_media":0,"parent":0,"menu_order":0,"comment_status":"closed","ping_status":"closed","template":"","meta":{"footnotes":""},"class_list":["post-358","page","type-page","status-publish","hentry"],"_links":{"self":[{"href":"https:\/\/sipaywoocommerce.com\/index.php?rest_route=\/wp\/v2\/pages\/358","targetHints":{"allow":["GET"]}}],"collection":[{"href":"https:\/\/sipaywoocommerce.com\/index.php?rest_route=\/wp\/v2\/pages"}],"about":[{"href":"https:\/\/sipaywoocommerce.com\/index.php?rest_route=\/wp\/v2\/types\/page"}],"author":[{"embeddable":true,"href":"https:\/\/sipaywoocommerce.com\/index.php?rest_route=\/wp\/v2\/users\/1"}],"replies":[{"embeddable":true,"href":"https:\/\/sipaywoocommerce.com\/index.php?rest_route=%2Fwp%2Fv2%2Fcomments&post=358"}],"version-history":[{"count":5,"href":"https:\/\/sipaywoocommerce.com\/index.php?rest_route=\/wp\/v2\/pages\/358\/revisions"}],"predecessor-version":[{"id":364,"href":"https:\/\/sipaywoocommerce.com\/index.php?rest_route=\/wp\/v2\/pages\/358\/revisions\/364"}],"wp:attachment":[{"href":"https:\/\/sipaywoocommerce.com\/index.php?rest_route=%2Fwp%2Fv2%2Fmedia&parent=358"}],"curies":[{"name":"wp","href":"https:\/\/api.w.org\/{rel}","templated":true}]}}