{"id":351,"date":"2025-05-27T10:19:22","date_gmt":"2025-05-27T10:19:22","guid":{"rendered":"https:\/\/sipaywoocommerce.com\/?page_id=351"},"modified":"2025-05-27T10:26:24","modified_gmt":"2025-05-27T10:26:24","slug":"politica-de-privacidad","status":"publish","type":"page","link":"https:\/\/sipaywoocommerce.com\/?page_id=351","title":{"rendered":"Pol\u00edtica de Privacidad"},"content":{"rendered":"\t\t<div data-elementor-type=\"wp-page\" data-elementor-id=\"351\" class=\"elementor elementor-351\" data-elementor-post-type=\"page\">\n\t\t\t\t<div class=\"elementor-element elementor-element-f076716 e-flex e-con-boxed e-con e-parent\" data-id=\"f076716\" data-element_type=\"container\" data-e-type=\"container\">\n\t\t\t\t\t<div class=\"e-con-inner\">\n\t\t\t\t<div class=\"elementor-element elementor-element-3797b56 elementor-widget elementor-widget-heading\" data-id=\"3797b56\" data-element_type=\"widget\" data-e-type=\"widget\" data-widget_type=\"heading.default\">\n\t\t\t\t<div class=\"elementor-widget-container\">\n\t\t\t\t\t<h1 class=\"elementor-heading-title elementor-size-default\">Pol\u00edtica de Privacidad<\/h1>\t\t\t\t<\/div>\n\t\t\t\t<\/div>\n\t\t\t\t<div class=\"elementor-element elementor-element-62ae3e3 elementor-widget elementor-widget-text-editor\" data-id=\"62ae3e3\" data-element_type=\"widget\" data-e-type=\"widget\" data-widget_type=\"text-editor.default\">\n\t\t\t\t<div class=\"elementor-widget-container\">\n\t\t\t\t\t\t\t\t\t<p data-start=\"211\" data-end=\"561\">En cumplimiento de lo dispuesto en el Reglamento (UE) 2016\/679 del Parlamento Europeo y del Consejo de 27 de abril de 2016 (RGPD), as\u00ed como en la Ley Org\u00e1nica 3\/2018 de Protecci\u00f3n de Datos Personales y garant\u00eda de los derechos digitales, GoRandom S. Coop. Peque\u00f1a informa a los usuarios de este sitio web sobre el tratamiento de sus datos personales.<\/p>\t\t\t\t\t\t\t\t<\/div>\n\t\t\t\t<\/div>\n\t\t\t\t<div class=\"elementor-element elementor-element-269187f elementor-widget elementor-widget-heading\" data-id=\"269187f\" data-element_type=\"widget\" data-e-type=\"widget\" data-widget_type=\"heading.default\">\n\t\t\t\t<div class=\"elementor-widget-container\">\n\t\t\t\t\t<h2 class=\"elementor-heading-title elementor-size-default\">1. Responsable del tratamiento\n<\/h2>\t\t\t\t<\/div>\n\t\t\t\t<\/div>\n\t\t\t\t<div class=\"elementor-element elementor-element-1d08f27 elementor-widget elementor-widget-text-editor\" data-id=\"1d08f27\" data-element_type=\"widget\" data-e-type=\"widget\" data-widget_type=\"text-editor.default\">\n\t\t\t\t<div class=\"elementor-widget-container\">\n\t\t\t\t\t\t\t\t\t<p><strong data-start=\"599\" data-end=\"615\">Responsable:<\/strong> GoRandom S. Coop. Peque\u00f1a<br data-start=\"641\" data-end=\"644\" \/><strong data-start=\"644\" data-end=\"665\">Nombre Comercial:<\/strong> GoRandom<br data-start=\"674\" data-end=\"677\" \/><strong data-start=\"677\" data-end=\"685\">CIF:<\/strong> F95959441<br data-start=\"695\" data-end=\"698\" \/><strong data-start=\"698\" data-end=\"712\">Domicilio:<\/strong> Aula de Emprendimiento, planta baja, Zubiria Etxea, Avenida Lehendakari Aguirre 81, 48015, Bilbao, Bizkaia<br data-start=\"819\" data-end=\"822\" \/><strong data-start=\"822\" data-end=\"845\">Correo electr\u00f3nico:<\/strong> <a class=\"cursor-pointer\" rel=\"noopener\" data-start=\"846\" data-end=\"871\">info@sipaywoocommerce.com<\/a><\/p>\t\t\t\t\t\t\t\t<\/div>\n\t\t\t\t<\/div>\n\t\t\t\t<div class=\"elementor-element elementor-element-8a98888 elementor-widget elementor-widget-heading\" data-id=\"8a98888\" data-element_type=\"widget\" data-e-type=\"widget\" data-widget_type=\"heading.default\">\n\t\t\t\t<div class=\"elementor-widget-container\">\n\t\t\t\t\t<h2 class=\"elementor-heading-title elementor-size-default\">2. Finalidad del tratamiento\n<\/h2>\t\t\t\t<\/div>\n\t\t\t\t<\/div>\n\t\t\t\t<div class=\"elementor-element elementor-element-3c900f2 elementor-widget elementor-widget-text-editor\" data-id=\"3c900f2\" data-element_type=\"widget\" data-e-type=\"widget\" data-widget_type=\"text-editor.default\">\n\t\t\t\t<div class=\"elementor-widget-container\">\n\t\t\t\t\t\t\t\t\t<p data-start=\"907\" data-end=\"1021\">Los datos personales que el usuario facilite a trav\u00e9s del sitio web ser\u00e1n tratados con las siguientes finalidades:<\/p><ul data-start=\"1023\" data-end=\"1328\"><li data-start=\"1023\" data-end=\"1093\"><p data-start=\"1025\" data-end=\"1093\">Gesti\u00f3n de consultas realizadas a trav\u00e9s del formulario de contacto.<\/p><\/li><li data-start=\"1094\" data-end=\"1184\"><p data-start=\"1096\" data-end=\"1184\">Env\u00edo de informaci\u00f3n relacionada con el plugin de integraci\u00f3n de Sipay para WooCommerce.<\/p><\/li><li data-start=\"1185\" data-end=\"1245\"><p data-start=\"1187\" data-end=\"1245\">Gesti\u00f3n de compras o descargas realizadas en el sitio web.<\/p><\/li><li data-start=\"1246\" data-end=\"1328\"><p data-start=\"1248\" data-end=\"1328\">Env\u00edo de comunicaciones comerciales si el usuario lo ha autorizado expresamente.<\/p><\/li><\/ul>\t\t\t\t\t\t\t\t<\/div>\n\t\t\t\t<\/div>\n\t\t\t\t<div class=\"elementor-element elementor-element-a61faec elementor-widget elementor-widget-heading\" data-id=\"a61faec\" data-element_type=\"widget\" data-e-type=\"widget\" data-widget_type=\"heading.default\">\n\t\t\t\t<div class=\"elementor-widget-container\">\n\t\t\t\t\t<h2 class=\"elementor-heading-title elementor-size-default\">3. Legitimaci\u00f3n\n<\/h2>\t\t\t\t<\/div>\n\t\t\t\t<\/div>\n\t\t\t\t<div class=\"elementor-element elementor-element-0b6891e elementor-widget elementor-widget-text-editor\" data-id=\"0b6891e\" data-element_type=\"widget\" data-e-type=\"widget\" data-widget_type=\"text-editor.default\">\n\t\t\t\t<div class=\"elementor-widget-container\">\n\t\t\t\t\t\t\t\t\t<p data-start=\"1351\" data-end=\"1401\">La base legal para el tratamiento de los datos es:<\/p><ul data-start=\"1403\" data-end=\"1619\"><li data-start=\"1403\" data-end=\"1493\"><p data-start=\"1405\" data-end=\"1493\"><strong data-start=\"1405\" data-end=\"1423\">Consentimiento<\/strong> del usuario para el tratamiento de sus datos con los fines indicados.<\/p><\/li><li data-start=\"1494\" data-end=\"1619\"><p data-start=\"1496\" data-end=\"1619\"><strong data-start=\"1496\" data-end=\"1524\">Ejecuci\u00f3n de un contrato<\/strong> cuando el tratamiento sea necesario para la prestaci\u00f3n del servicio solicitado por el usuario.<\/p><\/li><\/ul>\t\t\t\t\t\t\t\t<\/div>\n\t\t\t\t<\/div>\n\t\t\t\t<div class=\"elementor-element elementor-element-3aa5f16 elementor-widget elementor-widget-heading\" data-id=\"3aa5f16\" data-element_type=\"widget\" data-e-type=\"widget\" data-widget_type=\"heading.default\">\n\t\t\t\t<div class=\"elementor-widget-container\">\n\t\t\t\t\t<h2 class=\"elementor-heading-title elementor-size-default\">4. Conservaci\u00f3n de los datos\n<\/h2>\t\t\t\t<\/div>\n\t\t\t\t<\/div>\n\t\t\t\t<div class=\"elementor-element elementor-element-1a74cf7 elementor-widget elementor-widget-text-editor\" data-id=\"1a74cf7\" data-element_type=\"widget\" data-e-type=\"widget\" data-widget_type=\"text-editor.default\">\n\t\t\t\t<div class=\"elementor-widget-container\">\n\t\t\t\t\t\t\t\t\t<p data-start=\"1655\" data-end=\"1883\">Los datos personales proporcionados se conservar\u00e1n mientras exista una relaci\u00f3n comercial, contractual o de inter\u00e9s por parte del usuario, y durante el tiempo necesario para cumplir con las obligaciones legales correspondientes.<\/p>\t\t\t\t\t\t\t\t<\/div>\n\t\t\t\t<\/div>\n\t\t\t\t<div class=\"elementor-element elementor-element-a0633fc elementor-widget elementor-widget-heading\" data-id=\"a0633fc\" data-element_type=\"widget\" data-e-type=\"widget\" data-widget_type=\"heading.default\">\n\t\t\t\t<div class=\"elementor-widget-container\">\n\t\t\t\t\t<h2 class=\"elementor-heading-title elementor-size-default\">5. Comunicaci\u00f3n de datos\n<\/h2>\t\t\t\t<\/div>\n\t\t\t\t<\/div>\n\t\t\t\t<div class=\"elementor-element elementor-element-edb1914 elementor-widget elementor-widget-text-editor\" data-id=\"edb1914\" data-element_type=\"widget\" data-e-type=\"widget\" data-widget_type=\"text-editor.default\">\n\t\t\t\t<div class=\"elementor-widget-container\">\n\t\t\t\t\t\t\t\t\t<p data-start=\"1915\" data-end=\"2038\">No se comunicar\u00e1n datos personales a terceros, salvo obligaci\u00f3n legal o si fuera necesario para la prestaci\u00f3n del servicio.<\/p>\t\t\t\t\t\t\t\t<\/div>\n\t\t\t\t<\/div>\n\t\t\t\t<div class=\"elementor-element elementor-element-cc9ca1a elementor-widget elementor-widget-heading\" data-id=\"cc9ca1a\" data-element_type=\"widget\" data-e-type=\"widget\" data-widget_type=\"heading.default\">\n\t\t\t\t<div class=\"elementor-widget-container\">\n\t\t\t\t\t<h2 class=\"elementor-heading-title elementor-size-default\">6. Derechos del usuario\n<\/h2>\t\t\t\t<\/div>\n\t\t\t\t<\/div>\n\t\t\t\t<div class=\"elementor-element elementor-element-a28f346 elementor-widget elementor-widget-text-editor\" data-id=\"a28f346\" data-element_type=\"widget\" data-e-type=\"widget\" data-widget_type=\"text-editor.default\">\n\t\t\t\t<div class=\"elementor-widget-container\">\n\t\t\t\t\t\t\t\t\t<p data-start=\"2069\" data-end=\"2103\">Cualquier usuario tiene derecho a:<\/p><ul data-start=\"2105\" data-end=\"2429\"><li data-start=\"2105\" data-end=\"2138\"><p data-start=\"2107\" data-end=\"2138\">Acceder a sus datos personales.<\/p><\/li><li data-start=\"2139\" data-end=\"2187\"><p data-start=\"2141\" data-end=\"2187\">Solicitar la rectificaci\u00f3n de datos inexactos.<\/p><\/li><li data-start=\"2188\" data-end=\"2291\"><p data-start=\"2190\" data-end=\"2291\">Solicitar la supresi\u00f3n de sus datos cuando ya no sean necesarios para los fines que fueron recogidos.<\/p><\/li><li data-start=\"2292\" data-end=\"2347\"><p data-start=\"2294\" data-end=\"2347\">Solicitar la limitaci\u00f3n del tratamiento de sus datos.<\/p><\/li><li data-start=\"2348\" data-end=\"2387\"><p data-start=\"2350\" data-end=\"2387\">Oponerse al tratamiento de sus datos.<\/p><\/li><li data-start=\"2388\" data-end=\"2429\"><p data-start=\"2390\" data-end=\"2429\">Solicitar la portabilidad de sus datos.<\/p><\/li><\/ul><p data-start=\"2431\" data-end=\"2625\">El usuario podr\u00e1 ejercer sus derechos mediante solicitud escrita a <strong data-start=\"2498\" data-end=\"2527\"><a class=\"cursor-pointer\" rel=\"noopener\" data-start=\"2500\" data-end=\"2525\">info@sipaywoocommerce.com<\/a><\/strong>, indicando en el asunto \u00abProtecci\u00f3n de Datos\u00bb, junto con copia de su DNI o documento equivalente.<\/p><p data-start=\"2627\" data-end=\"2786\">Tambi\u00e9n tiene derecho a presentar una reclamaci\u00f3n ante la <strong data-start=\"2685\" data-end=\"2735\">Agencia Espa\u00f1ola de Protecci\u00f3n de Datos (AEPD)<\/strong> si considera que sus derechos han sido vulnerados.<\/p>\t\t\t\t\t\t\t\t<\/div>\n\t\t\t\t<\/div>\n\t\t\t\t<div class=\"elementor-element elementor-element-4018b19 elementor-widget elementor-widget-heading\" data-id=\"4018b19\" data-element_type=\"widget\" data-e-type=\"widget\" data-widget_type=\"heading.default\">\n\t\t\t\t<div class=\"elementor-widget-container\">\n\t\t\t\t\t<h2 class=\"elementor-heading-title elementor-size-default\">7. Seguridad de los datos\n<\/h2>\t\t\t\t<\/div>\n\t\t\t\t<\/div>\n\t\t\t\t<div class=\"elementor-element elementor-element-a9b27c2 elementor-widget elementor-widget-text-editor\" data-id=\"a9b27c2\" data-element_type=\"widget\" data-e-type=\"widget\" data-widget_type=\"text-editor.default\">\n\t\t\t\t<div class=\"elementor-widget-container\">\n\t\t\t\t\t\t\t\t\t<p data-start=\"2819\" data-end=\"3032\">GoRandom aplica las medidas t\u00e9cnicas y organizativas adecuadas para garantizar un nivel de seguridad adecuado al riesgo y proteger los datos personales contra la p\u00e9rdida, uso indebido, acceso no autorizado o robo.<\/p>\t\t\t\t\t\t\t\t<\/div>\n\t\t\t\t<\/div>\n\t\t\t\t\t<\/div>\n\t\t\t\t<\/div>\n\t\t\t\t<\/div>\n\t\t","protected":false},"excerpt":{"rendered":"<p>Pol\u00edtica de Privacidad En cumplimiento de lo dispuesto en el Reglamento (UE) 2016\/679 del Parlamento Europeo y del Consejo de 27 de abril de 2016 (RGPD), as\u00ed como en la Ley Org\u00e1nica 3\/2018 de Protecci\u00f3n de Datos Personales y garant\u00eda de los derechos digitales, GoRandom S. Coop. Peque\u00f1a informa a los usuarios de este sitio [&hellip;]<\/p>\n","protected":false},"author":1,"featured_media":0,"parent":0,"menu_order":0,"comment_status":"closed","ping_status":"closed","template":"","meta":{"footnotes":""},"class_list":["post-351","page","type-page","status-publish","hentry"],"_links":{"self":[{"href":"https:\/\/sipaywoocommerce.com\/index.php?rest_route=\/wp\/v2\/pages\/351","targetHints":{"allow":["GET"]}}],"collection":[{"href":"https:\/\/sipaywoocommerce.com\/index.php?rest_route=\/wp\/v2\/pages"}],"about":[{"href":"https:\/\/sipaywoocommerce.com\/index.php?rest_route=\/wp\/v2\/types\/page"}],"author":[{"embeddable":true,"href":"https:\/\/sipaywoocommerce.com\/index.php?rest_route=\/wp\/v2\/users\/1"}],"replies":[{"embeddable":true,"href":"https:\/\/sipaywoocommerce.com\/index.php?rest_route=%2Fwp%2Fv2%2Fcomments&post=351"}],"version-history":[{"count":5,"href":"https:\/\/sipaywoocommerce.com\/index.php?rest_route=\/wp\/v2\/pages\/351\/revisions"}],"predecessor-version":[{"id":357,"href":"https:\/\/sipaywoocommerce.com\/index.php?rest_route=\/wp\/v2\/pages\/351\/revisions\/357"}],"wp:attachment":[{"href":"https:\/\/sipaywoocommerce.com\/index.php?rest_route=%2Fwp%2Fv2%2Fmedia&parent=351"}],"curies":[{"name":"wp","href":"https:\/\/api.w.org\/{rel}","templated":true}]}}